{"id":7902,"date":"2021-08-22T07:40:24","date_gmt":"2021-08-22T07:40:24","guid":{"rendered":"https:\/\/senni.com\/?page_id=7902"},"modified":"2023-05-02T12:09:59","modified_gmt":"2023-05-02T12:09:59","slug":"albums","status":"publish","type":"page","link":"https:\/\/senni.com\/es\/albums\/","title":{"rendered":"Albums"},"content":{"rendered":"<div class=\"nolwrap\"><h2>BoitaKK presenta:<\/h2>\n<p>BoitaKK es un sello musical que distribuye el trabajo del multiinstrumentista, compositor y arreglista Herv\u00e9 Senni. Produce m\u00fasica original con varios nombres como Herv\u00e9 Senni (carrera principal) Danton Cue (m\u00e1s comercial) y m\u00e1s recientemente Dang Yai (funk rock tailand\u00e9s).<\/p>\n<h3>Herve senni<\/h3>\n<p>Herv\u00e9 Senni es un multiinstrumentista y compositor franc\u00e9s especializado en m\u00fasica instrumental compleja y maravillosa.<\/p>\n<p>Durante m\u00e1s de 30 a\u00f1os, Senni ha combinado su estilo de interpretaci\u00f3n orientado al jazz con una amplia gama de g\u00e9neros musicales, desde la vanguardia hasta el nu-jazz, la m\u00fasica progresiva, el ritmo mundial y el rock cl\u00e1sico.<\/p>\n<p>Comenz\u00f3 con la m\u00fasica en Francia durante varios a\u00f1os antes de mudarse con su familia a Montreal, Canad\u00e1, en 1977, donde continu\u00f3 desarrollando sus habilidades. Despu\u00e9s de graduarse con una licenciatura en m\u00fasica de la Universidad de Concordia, Senni form\u00f3 la banda Aloes y comenz\u00f3 a tocar en vivo en festivales y clubes de jazz en toda la ciudad. En Montreal, actu\u00f3 para el ahora famoso cantante canadiense T\u00e9rez Montcalm y muchos otros cantantes, como Ranee Lee y Sophie Lapierre.<\/p>\n<p>Despu\u00e9s de 13 a\u00f1os en Canad\u00e1, Senni regres\u00f3 a Francia en 1990. Se uni\u00f3 a la Allegria Street Marching Band, como tuba del grupo, y continu\u00f3 tocando como guitarrista en lugares de todo el pa\u00eds. En 2000, dej\u00f3 de actuar en clubes para concentrarse en crear su propio estudio.<\/p>\n<p>Adem\u00e1s de grabar su propia m\u00fasica, compuso jingles para varias emisoras de radio independientes en Francia y comenz\u00f3 su carrera como luthier. Desde entonces, ha construido guitarras y otros dispositivos electr\u00f3nicos de vanguardia para cientos de m\u00fasicos.<\/p>\n<p>Herv\u00e9 Senni ahora vive en la ciudad de Chiang Mai, Tailandia.<\/p>\n<p>Entre 2017 y 2021, lanz\u00f3 12 \u00e1lbumes de producci\u00f3n propia bajo su propio nombre: Herv\u00e9 Senni. Tambi\u00e9n lanz\u00f3 1 \u00e1lbum con el nombre de Danton Cue y 1 \u00e1lbum con el nombre de Dang Yai.<\/p>\n<p>Haga clic en los enlaces a continuaci\u00f3n para acceder a todas las plataformas principales que albergan los \u00e1lbumes de Herv\u00e9 Senni<\/p>\n<p>&nbsp;<\/p>\n<\/div>","protected":false},"excerpt":{"rendered":"<p>BoitaKK presenta: BoitaKK es un sello musical que distribuye el trabajo del multiinstrumentista, compositor y arreglista Herv\u00e9 Senni. Produce m\u00fasica original con varios nombres como Herv\u00e9 Senni (carrera principal) Danton Cue (m\u00e1s comercial) y m\u00e1s recientemente Dang Yai (funk rock tailand\u00e9s). Herve senni Herv\u00e9 Senni es un multiinstrumentista y compositor franc\u00e9s especializado en m\u00fasica instrumental [&hellip;]<\/p>\n","protected":false},"author":2,"featured_media":7880,"parent":0,"menu_order":0,"comment_status":"closed","ping_status":"closed","template":"","meta":{"footnotes":""},"class_list":["post-7902","page","type-page","status-publish","has-post-thumbnail","hentry"],"_links":{"self":[{"href":"https:\/\/senni.com\/es\/wp-json\/wp\/v2\/pages\/7902","targetHints":{"allow":["GET"]}}],"collection":[{"href":"https:\/\/senni.com\/es\/wp-json\/wp\/v2\/pages"}],"about":[{"href":"https:\/\/senni.com\/es\/wp-json\/wp\/v2\/types\/page"}],"author":[{"embeddable":true,"href":"https:\/\/senni.com\/es\/wp-json\/wp\/v2\/users\/2"}],"replies":[{"embeddable":true,"href":"https:\/\/senni.com\/es\/wp-json\/wp\/v2\/comments?post=7902"}],"version-history":[{"count":0,"href":"https:\/\/senni.com\/es\/wp-json\/wp\/v2\/pages\/7902\/revisions"}],"wp:featuredmedia":[{"embeddable":true,"href":"https:\/\/senni.com\/es\/wp-json\/wp\/v2\/media\/7880"}],"wp:attachment":[{"href":"https:\/\/senni.com\/es\/wp-json\/wp\/v2\/media?parent=7902"}],"curies":[{"name":"wp","href":"https:\/\/api.w.org\/{rel}","templated":true}]}}