{"id":11416,"date":"2022-06-29T17:05:25","date_gmt":"2022-06-29T17:05:25","guid":{"rendered":"https:\/\/senni.com\/complete-catalogue-of-herve-senni-songs\/"},"modified":"2024-10-01T09:46:54","modified_gmt":"2024-10-01T09:46:54","slug":"catalogo-completo-dei-compositori-di-herve-senni","status":"publish","type":"page","link":"https:\/\/senni.com\/it\/catalogo-completo-dei-compositori-di-herve-senni\/","title":{"rendered":"Catalogo completo dei compositori di Herv\u00e9 Senni"},"content":{"rendered":"<div class=\"nolwrap\"><p><img decoding=\"async\" class=\"alignright size-medium wp-image-8242 lazyload\" data-src=\"https:\/\/senni.com\/wp-content\/uploads\/2022\/02\/herve-senni-300x284.jpg\" alt=\"\" width=\"300\" height=\"284\" data-srcset=\"https:\/\/senni.com\/wp-content\/uploads\/2022\/02\/herve-senni-300x284.jpg 300w, https:\/\/senni.com\/wp-content\/uploads\/2022\/02\/herve-senni-1024x970.jpg 1024w, https:\/\/senni.com\/wp-content\/uploads\/2022\/02\/herve-senni-768x728.jpg 768w, https:\/\/senni.com\/wp-content\/uploads\/2022\/02\/herve-senni.jpg 1520w\" data-sizes=\"(max-width: 300px) 100vw, 300px\" src=\"data:image\/svg+xml;base64,PHN2ZyB3aWR0aD0iMSIgaGVpZ2h0PSIxIiB4bWxucz0iaHR0cDovL3d3dy53My5vcmcvMjAwMC9zdmciPjwvc3ZnPg==\" style=\"--smush-placeholder-width: 300px; --smush-placeholder-aspect-ratio: 300\/284;\" \/><\/p>\n<h2 id=\"tw-target-text\" class=\"tw-data-text tw-text-large tw-ta\" dir=\"ltr\" data-placeholder=\"Traduction\"><span class=\"Y2IQFc\" lang=\"it\">Mi ci sono voluti 5 minuti per costruire questa pagina e tutta la mia vita per riempirla<\/span><\/h2>\n<p><span style=\"font-size: 16px;\">Catalogo dei compositori di Herv\u00e9 Senni<\/span>Questa pagina viene aggiornata ogni volta che pubblico una nuova canzone o album. Di solito pubblico diversi pezzi al mese. Ho cos\u00ec tante partiture che dormono in cartelle e molte altre idee nella mia testa&#8230;<\/p>\n<p>Inoltre, controlla la pagina dell&#8217;artista che elenca tutti i miei siti di streaming pi\u00f9 importanti.<\/p>\n<p>Utilizzo <a class=\"editor-rtfLink\" href=\"https:\/\/songwhip.com\/\" target=\"_blank\" rel=\"noopener\"><strong><span data-preserver-spaces=\"true\">Songwhip<\/span><\/strong><\/a> per elencare tutte le mie produzioni. \u00c8 molto conveniente elencare tutte le mie creazioni, canzoni e album sui siti di streaming e di download pi\u00f9 importanti. Ed \u00e8 gratuito!<\/p>\n<h3 style=\"text-align: center;\"><a href=\"https:\/\/songwhip.com\/hervesenni\" target=\"_blank\" rel=\"noopener\">&gt;&gt;&gt; Herv\u00e9 Senni&lt;&lt;&lt;<\/a><\/h3>\n<h3><strong><img decoding=\"async\" class=\"alignright size-medium wp-image-7729 lazyload\" data-src=\"https:\/\/senni.com\/wp-content\/uploads\/2020\/09\/Morning-Glories-300x300.jpg\" alt=\"\" width=\"300\" height=\"300\" data-srcset=\"https:\/\/senni.com\/wp-content\/uploads\/2020\/09\/Morning-Glories-300x300.jpg 300w, https:\/\/senni.com\/wp-content\/uploads\/2020\/09\/Morning-Glories-150x150.jpg 150w, https:\/\/senni.com\/wp-content\/uploads\/2020\/09\/Morning-Glories.jpg 640w\" data-sizes=\"(max-width: 300px) 100vw, 300px\" src=\"data:image\/svg+xml;base64,PHN2ZyB3aWR0aD0iMSIgaGVpZ2h0PSIxIiB4bWxucz0iaHR0cDovL3d3dy53My5vcmcvMjAwMC9zdmciPjwvc3ZnPg==\" style=\"--smush-placeholder-width: 300px; --smush-placeholder-aspect-ratio: 300\/300;\" \/>Albums<\/strong><\/h3>\n<ul>\n<li><strong><a href=\"https:\/\/songwhip.com\/hervesenni\/galaxy-drops\" target=\"_blank\" rel=\"noopener\">Galaxy Drops<\/a><\/strong><\/li>\n<li><strong><a href=\"https:\/\/songwhip.com\/hervesenni\/easy-going\" target=\"_blank\" rel=\"noopener\">Easy Going<\/a><\/strong><\/li>\n<li><strong><a href=\"https:\/\/songwhip.com\/hervesenni\/keep-it-simple\" target=\"_blank\" rel=\"noopener\">Keep It Simple<\/a><\/strong><\/li>\n<li><strong><a href=\"https:\/\/songwhip.com\/hervesenni\/lifestyle\" target=\"_blank\" rel=\"noopener\">Lifestyle<\/a><\/strong><\/li>\n<li><strong><a href=\"https:\/\/songwhip.com\/hervesenni\/mahalo\" target=\"_blank\" rel=\"noopener\">Mahalo<\/a><\/strong><\/li>\n<li><strong><a href=\"https:\/\/songwhip.com\/hervesenni\/nostalgia\" target=\"_blank\" rel=\"noopener\">Nostalgia<\/a><\/strong><\/li>\n<li><strong><a href=\"https:\/\/songwhip.com\/hervesenni\/no-guitar-allowed\" target=\"_blank\" rel=\"noopener\">No Guitar Allowed!!!<\/a><\/strong><\/li>\n<li><strong><a href=\"https:\/\/songwhip.com\/hervesenni\/positive-grooves-remastered\" target=\"_blank\" rel=\"noopener\">Positive Grooves<\/a><\/strong> (Remastered)<\/li>\n<li><strong><a href=\"https:\/\/songwhip.com\/hervesenni\/sevencoursemeal\" target=\"_blank\" rel=\"noopener\">Seven Course Meal<\/a><\/strong><\/li>\n<li><strong><a href=\"https:\/\/songwhip.com\/hervesenni\/backyard2017\" target=\"_blank\" rel=\"noopener\">Backyard<\/a><\/strong><\/li>\n<li><strong><a href=\"https:\/\/songwhip.com\/hervesenni\/strat-me-up-remastered\" target=\"_blank\" rel=\"noopener\">Strat Me Up<\/a><\/strong> (Remastered)<\/li>\n<li><strong><a href=\"https:\/\/songwhip.com\/hervesenni\/the-green-monster-remastered\" target=\"_blank\" rel=\"noopener\">The Green Monster<\/a> <\/strong>(Remastered)<\/li>\n<li><strong><a href=\"https:\/\/songwhip.com\/hervesenni\/the-secret-room-sessions-remastered\" target=\"_blank\" rel=\"noopener\">The Secret Room Sessions<\/a><\/strong> (Remastered)<\/li>\n<li><strong><a href=\"https:\/\/songwhip.com\/hervesenni\/wreckedexpress\" target=\"_blank\" rel=\"noopener\">Wrecked Express<\/a><\/strong><\/li>\n<\/ul>\n<h3>Canzoni<\/h3>\n<p>Qui sono elencate tutte le mie canzoni pubblicate in ordine alfabetico.<\/p>\n<ol>\n<li><strong><a href=\"https:\/\/songwhip.com\/hervesenni\/african-night\" target=\"_blank\" rel=\"noopener\">African Night<\/a><\/strong><\/li>\n<li><strong><a href=\"https:\/\/songwhip.com\/hervesenni\/arpeggio-suite\" target=\"_blank\" rel=\"noopener\">Arpeggio Suite<\/a><\/strong><\/li>\n<li><a href=\"https:\/\/songwhip.com\/hervesenni\/a-la-claire-funktaine\"><strong>A la Claire Funktaine<\/strong><\/a><\/li>\n<li><strong><a href=\"https:\/\/songwhip.com\/hervesenni\/aloes-deden\">Aloes D&#8217;eden<\/a><\/strong><\/li>\n<li><strong><a href=\"https:\/\/songwhip.com\/hervesenni\/ambibella\">Ambibella<\/a><\/strong><\/li>\n<li><strong><a href=\"https:\/\/songwhip.com\/hervesenni\/americana\" target=\"_blank\" rel=\"noopener\">Americana<\/a><\/strong><\/li>\n<li><strong><a href=\"https:\/\/songwhip.com\/hervesenni\/americana-lead\" target=\"_blank\" rel=\"noopener\">Americana Lead<\/a><\/strong><\/li>\n<li><strong><a href=\"https:\/\/songwhip.com\/hervesenni\/arpeggio-suite\">Arpeggio Suite<\/a><\/strong><\/li>\n<li><strong><a href=\"https:\/\/songwhip.com\/hervesenni\/atmosphere\">Atmosphere<\/a><\/strong><\/li>\n<li><strong><a href=\"https:\/\/songwhip.com\/hervesenni\/atom-metal\" target=\"_blank\" rel=\"noopener\">Atom Metal<\/a><\/strong><\/li>\n<li><strong><a href=\"https:\/\/songwhip.com\/hervesenni\/backyard\">Backyard<\/a><\/strong><\/li>\n<li><strong><a href=\"https:\/\/songwhip.com\/hervesenni\/bad-habit\" target=\"_blank\" rel=\"noopener\">Bad Habit<\/a><\/strong><\/li>\n<li><strong><a href=\"https:\/\/songwhip.com\/hervesenni\/bari-bust\">Bari Bust<\/a><\/strong><\/li>\n<li><strong><a href=\"https:\/\/songwhip.com\/hervesenni\/bee\" target=\"_blank\" rel=\"noopener\">Bee<\/a><\/strong><\/li>\n<li><strong><a href=\"https:\/\/songwhip.com\/hervesenni\/black-beauty\">Black Beauty<\/a><\/strong><\/li>\n<li><strong><a href=\"https:\/\/songwhip.com\/hervesenni\/blues\" target=\"_blank\" rel=\"noopener\">Blues<\/a><\/strong><\/li>\n<li><strong><a href=\"https:\/\/songwhip.com\/hervesenni\/blues-crashing\" target=\"_blank\" rel=\"noopener\">Blues Crashing<\/a><\/strong><\/li>\n<li><strong><a href=\"https:\/\/songwhip.com\/hervesenni\/brune-mando\">Brune Mando<\/a><\/strong><\/li>\n<li><strong><a href=\"https:\/\/songwhip.com\/hervesenni\/canon\" target=\"_blank\" rel=\"noopener\">Canon<\/a><\/strong><\/li>\n<li><strong><a href=\"https:\/\/songwhip.com\/hervesenni\/caribbean\" target=\"_blank\" rel=\"noopener\">Caribbean<\/a><\/strong><\/li>\n<li><strong><a href=\"https:\/\/songwhip.com\/hervesenni\/cat-tax\" target=\"_blank\" rel=\"noopener\">Cat Tax<\/a><\/strong><\/li>\n<li><strong><a href=\"https:\/\/songwhip.com\/hervesenni\/chandan\">Chandan<\/a><\/strong><\/li>\n<li><strong><a href=\"https:\/\/songwhip.com\/hervesenni\/clearwater\" target=\"_blank\" rel=\"noopener\">Clearwater<\/a><\/strong><\/li>\n<li><strong><a href=\"https:\/\/songwhip.com\/hervesenni\/confusionistic\" target=\"_blank\" rel=\"noopener\">Confusionistic<\/a><\/strong><\/li>\n<li><strong><a href=\"https:\/\/songwhip.com\/hervesenni\/coolaboola\" target=\"_blank\" rel=\"noopener\">Coolaboola<\/a><\/strong><\/li>\n<li><strong><a href=\"https:\/\/songwhip.com\/hervesenni\/cool-picking-and-resonator\">Cool Picking and Resonator<\/a><\/strong><\/li>\n<li><strong><a href=\"https:\/\/songwhip.com\/hervesenni\/cool-picking-wah-resonator\" target=\"_blank\" rel=\"noopener\">Cool Picking Wah Resonator<\/a><\/strong><\/li>\n<li><strong><a href=\"https:\/\/songwhip.com\/hervesenni\/cougar-funk\" target=\"_blank\" rel=\"noopener\">Cougar Funk<\/a><\/strong><\/li>\n<li><strong><a href=\"https:\/\/songwhip.com\/hervesenni\/country-sweet\" target=\"_blank\" rel=\"noopener\">Country Sweet<\/a><\/strong><\/li>\n<li><strong><a href=\"https:\/\/songwhip.com\/hervesenni\/cruisin-n-boozin\">Cruisin\u2019 N Boozin\u2019<\/a><\/strong><\/li>\n<li><strong><a href=\"https:\/\/songwhip.com\/hervesenni\/dholak\" target=\"_blank\" rel=\"noopener\">Dholak<\/a><\/strong><\/li>\n<li><strong><a href=\"https:\/\/songwhip.com\/hervesenni\/doomer\">Doomer<\/a><\/strong><\/li>\n<li><strong><a href=\"https:\/\/songwhip.com\/hervesenni\/double-the-party\" target=\"_blank\" rel=\"noopener\">Double the Party<\/a><\/strong><\/li>\n<li><strong><a href=\"https:\/\/songwhip.com\/hervesenni\/easy-going\">Easy Going<\/a><\/strong><\/li>\n<li><strong><a href=\"https:\/\/songwhip.com\/hervesenni\/ez4u\" target=\"_blank\" rel=\"noopener\">Ez4u<\/a><\/strong><\/li>\n<li><strong><a href=\"https:\/\/songwhip.com\/hervesenni\/ezfunk\" target=\"_blank\" rel=\"noopener\">Ezfunk<\/a><\/strong><\/li>\n<li><strong><a href=\"https:\/\/songwhip.com\/hervesenni\/encore\">Encore<\/a><\/strong><\/li>\n<li><strong><a href=\"https:\/\/songwhip.com\/hervesenni\/encore-2023\" target=\"_blank\" rel=\"noopener\">Encore 2023<\/a><\/strong><\/li>\n<li><strong><a href=\"https:\/\/songwhip.com\/hervesenni\/even-and-odd\">Even and Odd<\/a><\/strong><\/li>\n<li><strong><a href=\"https:\/\/songwhip.com\/hervesenni\/five-dive\">Five Dive<\/a><\/strong><\/li>\n<li><strong><a href=\"https:\/\/songwhip.com\/hervesenni\/folk\" target=\"_blank\" rel=\"noopener\">Folk<\/a><\/strong><\/li>\n<li><strong><a href=\"https:\/\/songwhip.com\/hervesenni\/folk-on\">Folk On!<\/a><\/strong><\/li>\n<li><strong><a href=\"https:\/\/songwhip.com\/hervesenni\/for-bee\" target=\"_blank\" rel=\"noopener\">For Bee<\/a><\/strong><\/li>\n<li><strong><a href=\"https:\/\/songwhip.com\/hervesenni\/for-bee-first-take\" target=\"_blank\" rel=\"noopener\">For Bee First Take<\/a><\/strong><\/li>\n<li><strong><a href=\"https:\/\/songwhip.com\/hervesenni\/funk-it\">Funk It<\/a><\/strong><\/li>\n<li><strong><a href=\"https:\/\/songwhip.com\/hervesenni\/funk-march\">Funk March<\/a><\/strong><\/li>\n<li><strong><a href=\"https:\/\/songwhip.com\/hervesenni\/funk-on-the-water\">Funk on the Water<\/a><\/strong><\/li>\n<li><strong><a href=\"https:\/\/songwhip.com\/hervesenni\/funk-you\" target=\"_blank\" rel=\"noopener\">Funk You<\/a><\/strong><\/li>\n<li><strong><a href=\"https:\/\/songwhip.com\/hervesenni\/funk-that-map\" target=\"_blank\" rel=\"noopener\">Funk That Map<\/a><\/strong><\/li>\n<li><strong><a href=\"https:\/\/songwhip.com\/hervesenni\/funky-bell\">Funky Bell<\/a><\/strong><\/li>\n<li><strong><a href=\"https:\/\/songwhip.com\/hervesenni\/funky-groove\" target=\"_blank\" rel=\"noopener\">Funky Groove<\/a><\/strong><\/li>\n<li><strong><a href=\"https:\/\/songwhip.com\/hervesenni\/funkystic\">Funkystic<\/a><\/strong><\/li>\n<li><strong><a href=\"https:\/\/songwhip.com\/hervesenni\/galaxy-drops\">Galaxy Drops<\/a><\/strong><\/li>\n<li><strong><a href=\"https:\/\/songwhip.com\/hervesenni\/general-fraise\" target=\"_blank\" rel=\"noopener\">General Fraise<\/a><\/strong><\/li>\n<li><strong><a href=\"https:\/\/songwhip.com\/hervesenni\/ghatam\">Ghatam<\/a><\/strong><\/li>\n<li><strong><a href=\"https:\/\/songwhip.com\/hervesenni\/green-bag\">Green Bag<\/a><\/strong><\/li>\n<li><strong><a href=\"https:\/\/songwhip.com\/hervesenni\/green-monster\" target=\"_blank\" rel=\"noopener\">Green Monster<\/a><\/strong><\/li>\n<li><strong><a href=\"https:\/\/songwhip.com\/hervesenni\/gypsie-run\">Gypsie Run<\/a><\/strong><\/li>\n<li><strong><a href=\"https:\/\/songwhip.com\/hervesenni\/half-time-rock\">Half Time Rock<\/a><\/strong><\/li>\n<li><strong><a href=\"https:\/\/songwhip.com\/hervesenni\/half-time-rock-all-electric-version\">Half Time Rock<\/a> (All Electric Version)<\/strong><\/li>\n<li><strong><a href=\"https:\/\/songwhip.com\/hervesenni\/happy-as-a-bean\">Happy as a Bean<\/a><\/strong><\/li>\n<li><strong><a href=\"https:\/\/songwhip.com\/hervesenni\/here-come-the-guns\">Here Come The Guns<\/a><\/strong><\/li>\n<li><strong><a href=\"https:\/\/songwhip.com\/hervesenni\/herve-senni-plays-the-blues-and-destroys-the-chair\" target=\"_blank\" rel=\"noopener\">Herv\u00e9 Senni Plays the Blues &amp; Destroys the Chair<\/a><\/strong><\/li>\n<li><strong><a href=\"https:\/\/songwhip.com\/hervesenni\/highway-strat\">Highway Strat<\/a><\/strong><\/li>\n<li><strong><a href=\"https:\/\/songwhip.com\/hervesenni\/hypnotic-pyramid\">Hypnotic Pyramid<\/a><\/strong><\/li>\n<li><strong><a href=\"https:\/\/songwhip.com\/hervesenni\/indian-funk\">Indian Funk<\/a><\/strong><\/li>\n<li><strong><a href=\"https:\/\/distrokid.com\/hyperfollow\/hervsenni\/intraboobular-groove\">Intraboobular Groove<\/a><\/strong><\/li>\n<li><strong><a href=\"https:\/\/songwhip.com\/hervesenni\/jensa\">Jensa<\/a><\/strong><\/li>\n<li><strong><a href=\"https:\/\/songwhip.com\/hervesenni\/jeronimo\">Jeronimo<\/a><\/strong><\/li>\n<li><strong><a href=\"https:\/\/songwhip.com\/hervesenni\/jtt\" target=\"_blank\" rel=\"noopener\">JTT<\/a><\/strong><\/li>\n<li><strong><a href=\"https:\/\/songwhip.com\/hervesenni\/jukebox\" target=\"_blank\" rel=\"noopener\">Jukebox<\/a><\/strong><\/li>\n<li><strong><a href=\"https:\/\/songwhip.com\/hervesenni\/jumping-fleas\">Jumping Fleas<\/a><\/strong><\/li>\n<li><strong><a href=\"https:\/\/songwhip.com\/hervesenni\/jumping-fleas-invasion\" target=\"_blank\" rel=\"noopener\">Jumping Fleas Invasion<\/a><\/strong><\/li>\n<li><a href=\"https:\/\/songwhip.com\/hervesenni\/jungle\" target=\"_blank\" rel=\"noopener\"><strong>Jungle<\/strong><\/a><\/li>\n<li><strong><a href=\"https:\/\/songwhip.com\/hervesenni\/jungle-fever\">Jungle Fever<\/a><\/strong><\/li>\n<li><strong><a href=\"https:\/\/songwhip.com\/hervesenni\/junior-shuffle\">Junior Shuffle<\/a><\/strong><\/li>\n<li><strong><a href=\"https:\/\/songwhip.com\/hervesenni\/junior-shuffle-unplugged\">Junior Shuffle Unplugged<\/a><\/strong><\/li>\n<li><strong><a href=\"https:\/\/songwhip.com\/hervesenni\/kassa-ni-soro\">Kassa Ni Soro<\/a><\/strong><\/li>\n<li><strong><a href=\"https:\/\/songwhip.com\/hervesenni\/keep-it-cool\">Keep It Cool<\/a><\/strong><\/li>\n<li><strong><a href=\"https:\/\/songwhip.com\/hervesenni\/keepitsimple\">Keep It Simple<\/a><\/strong><\/li>\n<li><strong><a href=\"https:\/\/songwhip.com\/hervesenni\/king-can\">King Can<\/a><\/strong><\/li>\n<li><strong><a href=\"https:\/\/songwhip.com\/hervesenni\/lakshmi\">Lakshmi<\/a><\/strong><\/li>\n<li><strong><a href=\"https:\/\/songwhip.com\/hervesenni\/lifestyle2017\">Lifestyle<\/a><\/strong><\/li>\n<li><strong><a href=\"https:\/\/songwhip.com\/hervesenni\/long-time-coming\">Long Time Coming<\/a><\/strong><\/li>\n<li><strong><a href=\"https:\/\/songwhip.com\/hervesenni\/loud-banger\" target=\"_blank\" rel=\"noopener\">Loud Banger<\/a><\/strong><\/li>\n<li><strong><a href=\"https:\/\/songwhip.com\/hervesenni\/man-bomb\">Man Bomb<\/a><\/strong><\/li>\n<li><strong><a href=\"https:\/\/songwhip.com\/hervesenni\/mardi-gras\">Mardi Gras<\/a><\/strong><\/li>\n<li><strong><a href=\"https:\/\/songwhip.com\/hervesenni\/mahalo2021\" target=\"_blank\" rel=\"noopener\">Mahalo<\/a><\/strong><\/li>\n<li><strong><a href=\"https:\/\/songwhip.com\/hervesenni\/memories\" target=\"_blank\" rel=\"noopener\">Memories<\/a><\/strong><\/li>\n<li><strong><a href=\"https:\/\/songwhip.com\/hervesenni\/mendox\">Mendox\u00a0<\/a><\/strong><\/li>\n<li><a href=\"https:\/\/songwhip.com\/hervesenni\/mendo-swing\" target=\"_blank\" rel=\"noopener\"><strong>Mendo Swing<\/strong><\/a><\/li>\n<li><strong><a href=\"https:\/\/songwhip.com\/hervesenni\/metal-city\" target=\"_blank\" rel=\"noopener\">Metal City<\/a><\/strong><\/li>\n<li><strong><a href=\"https:\/\/songwhip.com\/hervesenni\/micro-swing\">Micro Swing<\/a><\/strong><\/li>\n<li><strong><a href=\"https:\/\/songwhip.com\/hervesenni\/mighty\" target=\"_blank\" rel=\"noopener\">Mighty<\/a><\/strong><\/li>\n<li><strong><a href=\"https:\/\/songwhip.com\/hervesenni\/modern-players-trip\" target=\"_blank\" rel=\"noopener\">Modern Players Trip<\/a><\/strong><\/li>\n<li><strong><a href=\"https:\/\/songwhip.com\/hervesenni\/morning-glories\">Morning Glories<\/a><\/strong><\/li>\n<li><strong><a href=\"https:\/\/songwhip.com\/hervesenni\/mooncircle\" target=\"_blank\" rel=\"noopener\">Mooncircle<\/a><\/strong><\/li>\n<li><strong><a href=\"https:\/\/songwhip.com\/hervesenni\/moustache-de-baleine\" target=\"_blank\" rel=\"noopener\">Moustache de Baleine<\/a><\/strong><\/li>\n<li><strong><a href=\"https:\/\/songwhip.com\/hervesenni\/mustang-wanted\" target=\"_blank\" rel=\"noopener\">Mustang Wanted<\/a><\/strong><\/li>\n<li><strong><a href=\"https:\/\/songwhip.com\/hervesenni\/mr-brun\">Mr Brun<\/a><\/strong><\/li>\n<li><strong><a href=\"https:\/\/songwhip.com\/hervesenni\/neighbour-freak-out\">Neighbour Freak Out<\/a><\/strong><\/li>\n<li><strong><a href=\"https:\/\/songwhip.com\/hervesenni\/no-guitar-allowed\">No Guitar Allowed!!!<\/a><\/strong><\/li>\n<li><strong><a href=\"https:\/\/songwhip.com\/hervesenni\/nostalgia\">Nostalgia<\/a><\/strong><\/li>\n<li><strong><a href=\"https:\/\/songwhip.com\/hervesenni\/ouverture\">Ouverture<\/a><\/strong><\/li>\n<li><strong><a href=\"https:\/\/songwhip.com\/hervesenni\/pastorale\">Pastorale<\/a><\/strong><\/li>\n<li><strong><a href=\"https:\/\/songwhip.com\/hervesenni\/positive-groove\" target=\"_blank\" rel=\"noopener\">Positive Groove<\/a><\/strong><\/li>\n<li><strong><a href=\"https:\/\/songwhip.com\/hervesenni\/potion-magique\" target=\"_blank\" rel=\"noopener\">Potion Magique<\/a><\/strong><\/li>\n<li><strong><a href=\"https:\/\/songwhip.com\/hervesenni\/pyramid\" target=\"_blank\" rel=\"noopener\">Pyramid<\/a><\/strong><\/li>\n<li><strong><a href=\"https:\/\/songwhip.com\/hervesenni\/potion-magique\">Potion Magique<\/a><\/strong><\/li>\n<li><strong><a href=\"https:\/\/songwhip.com\/hervesenni\/quai-des-brunes\">Quai Des Brunes<\/a><\/strong><\/li>\n<li><strong><a href=\"https:\/\/songwhip.com\/hervesenni\/quaie-des-brunes-bossa-version\">Quaie des Brunes<\/a>\u00a0(Bossa version)<\/strong><\/li>\n<li><strong><a href=\"https:\/\/songwhip.com\/hervesenni\/ragged-edge\" target=\"_blank\" rel=\"noopener\">Ragged Edge<\/a><\/strong><\/li>\n<li><strong><a href=\"https:\/\/songwhip.com\/hervesenni\/rdc\" target=\"_blank\" rel=\"noopener\">RDC<\/a><\/strong><\/li>\n<li><strong><a href=\"https:\/\/songwhip.com\/hervesenni\/red-zebra\" target=\"_blank\" rel=\"noopener\">Red Zebra<\/a><\/strong><\/li>\n<li><strong><a href=\"https:\/\/songwhip.com\/hervesenni\/reggaecaster\" target=\"_blank\" rel=\"noopener\">Reggaecaster<\/a><\/strong><\/li>\n<li><strong><a href=\"https:\/\/songwhip.com\/hervesenni\/relaxabrate\">Relaxabrate<\/a><\/strong><\/li>\n<li><strong><a href=\"https:\/\/songwhip.com\/hervesenni\/reverie\">Reverie<\/a><\/strong><\/li>\n<li><strong><a href=\"https:\/\/songwhip.com\/hervesenni\/rock-ops\">Rock Ops<\/a><\/strong><\/li>\n<li><strong><a href=\"https:\/\/songwhip.com\/hervesenni\/ruby\">Ruby<\/a><\/strong><\/li>\n<li><strong><a href=\"https:\/\/songwhip.com\/hervesenni\/secondlevel-drop\">Second-Level Drop<\/a><\/strong><\/li>\n<li><strong><a href=\"https:\/\/songwhip.com\/hervesenni\/senniac-seven\">Senniac <\/a><a href=\"https:\/\/songwhip.com\/hervesenni\/senniac-seven\">Seven<\/a><\/strong><\/li>\n<li><strong><a href=\"https:\/\/songwhip.com\/hervesenni\/senntar\">Senntar<\/a><\/strong><\/li>\n<li><strong><a href=\"https:\/\/songwhip.com\/hervesenni\/seven-brunette\" target=\"_blank\" rel=\"noopener\">Seven Brunette<\/a><\/strong><\/li>\n<li><strong><a href=\"https:\/\/songwhip.com\/hervesenni\/seven-card-stud\">Seven Card Stud<\/a><\/strong><\/li>\n<li><strong><a href=\"https:\/\/songwhip.com\/hervesenni\/seven-course-meal\">Seven Course Meal<\/a><\/strong><\/li>\n<li><strong><a href=\"https:\/\/songwhip.com\/hervesenni\/seveninfifth\">Seven In Fifth<\/a><\/strong><\/li>\n<li><strong><a href=\"https:\/\/songwhip.com\/hervesenni\/seven-relaxabrate\">Seven Relaxabrate<\/a><\/strong><\/li>\n<li><strong><a href=\"https:\/\/songwhip.com\/hervesenni\/seven-ride\">Seven Ride<\/a><\/strong><\/li>\n<li><strong><a href=\"https:\/\/songwhip.com\/hervesenni\/si-senor\" target=\"_blank\" rel=\"noopener\">Si Senor<\/a><\/strong><\/li>\n<li><strong><a href=\"https:\/\/songwhip.com\/hervesenni\/slow-motion\">Slow Motion<\/a><\/strong><\/li>\n<li><strong><a href=\"https:\/\/songwhip.com\/hervesenni\/smilodon\">Smilodon<\/a><\/strong><\/li>\n<li><strong><a href=\"https:\/\/songwhip.com\/hervesenni\/solem\">Solem<\/a><\/strong><\/li>\n<li><strong><a href=\"https:\/\/songwhip.com\/hervesenni\/soupe-du-jour\" target=\"_blank\" rel=\"noopener\">Soupe Du Jour<\/a><\/strong><\/li>\n<li><strong><a href=\"https:\/\/songwhip.com\/hervesenni\/strat-me-up\">Strat Me Up<\/a><\/strong><\/li>\n<li><strong><a href=\"https:\/\/songwhip.com\/hervesenni\/uke\" target=\"_blank\" rel=\"noopener\">Uke<\/a><\/strong><\/li>\n<li><strong><a href=\"https:\/\/songwhip.com\/hervesenni\/up-sweep\" target=\"_blank\" rel=\"noopener\">Up Sweep<\/a><\/strong><\/li>\n<li><strong><a href=\"https:\/\/songwhip.com\/hervesenni\/the-green-monster-remastered\">The Green Monster<\/a> (Remastered)<\/strong><\/li>\n<li><strong><a href=\"https:\/\/songwhip.com\/hervesenni\/thrillmatic\">Thrillmatic<\/a><\/strong><\/li>\n<li><strong><a href=\"https:\/\/songwhip.com\/hervesenni\/volt-rider\" target=\"_blank\" rel=\"noopener\">Volt Rider<\/a><\/strong><\/li>\n<li><strong><a href=\"https:\/\/songwhip.com\/hervesenni\/wake-up-seven\">Wake Up Seven<\/a><\/strong><\/li>\n<li><strong><a href=\"https:\/\/songwhip.com\/hervesenni\/walking-on-air\">Walking on Air<\/a><\/strong><\/li>\n<li><strong><a href=\"https:\/\/songwhip.com\/hervesenni\/water-drops\">Water Drops<\/a><\/strong><\/li>\n<li><strong><a href=\"https:\/\/songwhip.com\/hervesenni\/westcoasting\" target=\"_blank\" rel=\"noopener\">Westcoasting!<\/a><\/strong><\/li>\n<li><strong><a href=\"https:\/\/songwhip.com\/hervesenni\/wrecked-express\">Wrecked Express<\/a><\/strong><\/li>\n<li><strong><a href=\"https:\/\/songwhip.com\/hervesenni\/winnie\" target=\"_blank\" rel=\"noopener\">Winnie<\/a><\/strong><\/li>\n<li><strong><a href=\"https:\/\/songwhip.com\/hervesenni\/wolf-shuffle\" target=\"_blank\" rel=\"noopener\">Wolf Shuffle<\/a><\/strong><\/li>\n<li><strong><a href=\"https:\/\/songwhip.com\/hervesenni\/yeehaw\" target=\"_blank\" rel=\"noopener\">Yeehaw<\/a><\/strong><\/li>\n<\/ol>\n<p style=\"text-align: right;\"><em>Continua&#8230;<\/em><\/p>\n<\/div>","protected":false},"excerpt":{"rendered":"<p>Mi ci sono voluti 5 minuti per costruire questa pagina e tutta la mia vita per riempirla Catalogo dei compositori di Herv\u00e9 SenniQuesta pagina viene aggiornata ogni volta che pubblico una nuova canzone o album. Di solito pubblico diversi pezzi al mese. Ho cos\u00ec tante partiture che dormono in cartelle e molte altre idee nella [&hellip;]<\/p>\n","protected":false},"author":2,"featured_media":0,"parent":0,"menu_order":0,"comment_status":"closed","ping_status":"closed","template":"","meta":{"footnotes":""},"class_list":["post-11416","page","type-page","status-publish","hentry"],"_links":{"self":[{"href":"https:\/\/senni.com\/it\/wp-json\/wp\/v2\/pages\/11416","targetHints":{"allow":["GET"]}}],"collection":[{"href":"https:\/\/senni.com\/it\/wp-json\/wp\/v2\/pages"}],"about":[{"href":"https:\/\/senni.com\/it\/wp-json\/wp\/v2\/types\/page"}],"author":[{"embeddable":true,"href":"https:\/\/senni.com\/it\/wp-json\/wp\/v2\/users\/2"}],"replies":[{"embeddable":true,"href":"https:\/\/senni.com\/it\/wp-json\/wp\/v2\/comments?post=11416"}],"version-history":[{"count":0,"href":"https:\/\/senni.com\/it\/wp-json\/wp\/v2\/pages\/11416\/revisions"}],"wp:attachment":[{"href":"https:\/\/senni.com\/it\/wp-json\/wp\/v2\/media?parent=11416"}],"curies":[{"name":"wp","href":"https:\/\/api.w.org\/{rel}","templated":true}]}}